{"id":2,"date":"2022-05-17T22:55:38","date_gmt":"2022-05-17T20:55:38","guid":{"rendered":"http:\/\/tworkiceramika.pl\/?page_id=2"},"modified":"2026-01-11T22:44:38","modified_gmt":"2026-01-11T21:44:38","slug":"o-nas","status":"publish","type":"page","link":"https:\/\/tworkiceramika.pl\/index.php\/o-nas\/","title":{"rendered":"Co\u015b o nas"},"content":{"rendered":"<p>[et_pb_section fb_built=&#8221;1&#8243; _builder_version=&#8221;4.17.4&#8243; _module_preset=&#8221;default&#8221; global_colors_info=&#8221;{}&#8221;][et_pb_row _builder_version=&#8221;4.17.4&#8243; _module_preset=&#8221;default&#8221; global_colors_info=&#8221;{}&#8221;][et_pb_column type=&#8221;4_4&#8243; _builder_version=&#8221;4.17.4&#8243; _module_preset=&#8221;default&#8221; global_colors_info=&#8221;{}&#8221;][et_pb_text _builder_version=&#8221;4.17.4&#8243; _module_preset=&#8221;default&#8221; text_font=&#8221;Didact Gothic|600|||||||&#8221; text_text_color=&#8221;#3B56B4&#8243; text_font_size=&#8221;35px&#8221; text_orientation=&#8221;center&#8221; global_colors_info=&#8221;{}&#8221;]<\/p>\n<p>Poznaj nas !<\/p>\n<p>[\/et_pb_text][\/et_pb_column][\/et_pb_row][et_pb_row _builder_version=&#8221;4.24.0&#8243; _module_preset=&#8221;default&#8221; global_colors_info=&#8221;{}&#8221;][et_pb_column type=&#8221;4_4&#8243; _builder_version=&#8221;4.24.0&#8243; _module_preset=&#8221;default&#8221; global_colors_info=&#8221;{}&#8221;][et_pb_text _builder_version=&#8221;4.24.0&#8243; _module_preset=&#8221;default&#8221; text_text_color=&#8221;#3B56B4&#8243; text_font_size=&#8221;20px&#8221; global_colors_info=&#8221;{}&#8221;]<\/p>\n<p>Robienie ceramiki to nasza pasja. Tworzymy naczynia r\u0119cznie, \u0142\u0105cz\u0105c codzienne obowi\u0105zki &#8211; opiek\u0119 nad dzie\u0107mi i prac\u0119 na etacie. Ka\u017cdy etap od formowania, przez malowanie, a\u017c po szkliwienie robimy osobi\u015bcie, co sprawia, \u017ce nasze wyroby s\u0105 wyj\u0105tkowe i niepowtarzalne.\u00a0<\/p>\n<p>Zuzia i Tomek \ud83d\ude42<\/p>\n<p>&nbsp;<\/p>\n<p>[\/et_pb_text][\/et_pb_column][\/et_pb_row][et_pb_row _builder_version=&#8221;4.18.0&#8243; _module_preset=&#8221;default&#8221; hover_enabled=&#8221;0&#8243; global_colors_info=&#8221;{}&#8221; sticky_enabled=&#8221;0&#8243;][et_pb_column type=&#8221;4_4&#8243; _builder_version=&#8221;4.18.0&#8243; _module_preset=&#8221;default&#8221; global_colors_info=&#8221;{}&#8221;][et_pb_image src=&#8221;https:\/\/tworkiceramika.pl\/wp-content\/uploads\/2026\/01\/o-nas.jpg&#8221; _builder_version=&#8221;4.27.5&#8243; _module_preset=&#8221;default&#8221; title_text=&#8221;o nas&#8221; hover_enabled=&#8221;0&#8243; sticky_enabled=&#8221;0&#8243;][\/et_pb_image][\/et_pb_column][\/et_pb_row][et_pb_row _builder_version=&#8221;4.18.0&#8243; _module_preset=&#8221;default&#8221; hover_enabled=&#8221;0&#8243; global_colors_info=&#8221;{}&#8221; sticky_enabled=&#8221;0&#8243;][et_pb_column type=&#8221;4_4&#8243; _builder_version=&#8221;4.18.0&#8243; _module_preset=&#8221;default&#8221; global_colors_info=&#8221;{}&#8221;][\/et_pb_column][\/et_pb_row][\/et_pb_section][et_pb_section fb_built=&#8221;1&#8243; _builder_version=&#8221;4.17.4&#8243; _module_preset=&#8221;default&#8221; background_color=&#8221;#fdeae8&#8243; width=&#8221;100%&#8221; min_height=&#8221;345.7px&#8221; custom_margin=&#8221;-15px|||||&#8221; custom_padding=&#8221;26px||0px|||&#8221; global_module=&#8221;361&#8243; saved_tabs=&#8221;all&#8221; locked=&#8221;off&#8221; global_colors_info=&#8221;{}&#8221;][et_pb_row _builder_version=&#8221;4.17.4&#8243; _module_preset=&#8221;default&#8221; global_colors_info=&#8221;{}&#8221;][et_pb_column type=&#8221;4_4&#8243; _builder_version=&#8221;4.17.4&#8243; _module_preset=&#8221;default&#8221; global_colors_info=&#8221;{}&#8221;][et_pb_image src=&#8221;https:\/\/tworkiceramika.pl\/wp-content\/uploads\/2022\/06\/tworkilogstopka-scaled.jpg&#8221; title_text=&#8221;tworkilogstopka&#8221; align=&#8221;center&#8221; _builder_version=&#8221;4.17.4&#8243; _module_preset=&#8221;default&#8221; width=&#8221;100%&#8221; max_width=&#8221;8%&#8221; max_width_tablet=&#8221;8%&#8221; max_width_phone=&#8221;15%&#8221; max_width_last_edited=&#8221;on|desktop&#8221; module_alignment=&#8221;center&#8221; global_colors_info=&#8221;{}&#8221;][\/et_pb_image][\/et_pb_column][\/et_pb_row][et_pb_row disabled_on=&#8221;off|off|off&#8221; _builder_version=&#8221;4.17.4&#8243; _module_preset=&#8221;default&#8221; min_height=&#8221;162px&#8221; overflow-x=&#8221;hidden&#8221; custom_margin=&#8221;3px||||false|false&#8221; global_colors_info=&#8221;{}&#8221;][et_pb_column type=&#8221;4_4&#8243; _builder_version=&#8221;4.17.4&#8243; _module_preset=&#8221;default&#8221; global_colors_info=&#8221;{}&#8221;][et_pb_text admin_label=&#8221;Tekst&#8221; _builder_version=&#8221;4.17.4&#8243; _module_preset=&#8221;default&#8221; text_font=&#8221;|600|||||||&#8221; text_text_color=&#8221;#3b56b4&#8243; header_text_color=&#8221;#3b56b4&#8243; custom_margin=&#8221;||-3px|||&#8221; custom_padding=&#8221;||4px|||&#8221; global_colors_info=&#8221;{}&#8221;]Ceramika Tworki[\/et_pb_text][et_pb_text admin_label=&#8221;Tekst&#8221; _builder_version=&#8221;4.17.4&#8243; _module_preset=&#8221;default&#8221; text_text_color=&#8221;#3B56B4&#8243; global_colors_info=&#8221;{}&#8221;]tworkiceramika@gmail.com[\/et_pb_text][et_pb_text admin_label=&#8221;Tekst&#8221; _builder_version=&#8221;4.17.5&#8243; _module_preset=&#8221;default&#8221; text_text_color=&#8221;#3B56B4&#8243; link_font=&#8221;||||||||&#8221; transform_scale_linked=&#8221;off&#8221; transform_translate=&#8221;0px|-25px&#8221; transform_translate_linked=&#8221;off&#8221; link_option_url=&#8221;https:\/\/tworkiceramika.pl\/index.php\/zwroty-i-reklamacje\/&#8221; global_colors_info=&#8221;{}&#8221;]<\/p>\n<p>Zwroty i reklamacje<\/p>\n<p>[\/et_pb_text][et_pb_text _builder_version=&#8221;4.18.0&#8243; _module_preset=&#8221;default&#8221; text_text_color=&#8221;#3B56B4&#8243; transform_translate=&#8221;0px|-50px&#8221; transform_translate_linked=&#8221;off&#8221; link_option_url=&#8221;https:\/\/tworkiceramika.pl\/index.php\/regulamin-sklepu\/&#8221; global_colors_info=&#8221;{}&#8221;]<\/p>\n<p>Regulamin sklepu<\/p>\n<p>[\/et_pb_text][et_pb_text _builder_version=&#8221;4.17.5&#8243; _module_preset=&#8221;default&#8221; text_text_color=&#8221;#3B56B4&#8243; transform_translate=&#8221;0px|-75px&#8221; transform_translate_linked=&#8221;off&#8221; link_option_url=&#8221;https:\/\/tworkiceramika.pl\/?page_id=870&#8243; global_colors_info=&#8221;{}&#8221;]<\/p>\n<p>Dostawy i wysy\u0142ka<\/p>\n<p>[\/et_pb_text][et_pb_text _builder_version=&#8221;4.17.4&#8243; _module_preset=&#8221;default&#8221; text_text_color=&#8221;#3b56b4&#8243; transform_translate=&#8221;0px|-98px&#8221; transform_translate_linked=&#8221;off&#8221; link_option_url=&#8221;https:\/\/tworkiceramika.pl\/index.php\/polityka-prywatnosci\/&#8221; global_colors_info=&#8221;{}&#8221;]<\/p>\n<p>Polityka prywatno\u015bci<\/p>\n<p>[\/et_pb_text][\/et_pb_column][\/et_pb_row][et_pb_row _builder_version=&#8221;4.17.4&#8243; _module_preset=&#8221;default&#8221; global_colors_info=&#8221;{}&#8221;][et_pb_column type=&#8221;4_4&#8243; _builder_version=&#8221;4.17.4&#8243; _module_preset=&#8221;default&#8221; global_colors_info=&#8221;{}&#8221;][et_pb_social_media_follow icon_color=&#8221;#3B56B4&#8243; admin_label=&#8221;Przyciski spo\u0142eczno\u015bciowe&#8221; _builder_version=&#8221;4.19.4&#8243; _module_preset=&#8221;default&#8221; transform_translate=&#8221;0px|-39px&#8221; transform_translate_linked=&#8221;off&#8221; text_orientation=&#8221;center&#8221; global_colors_info=&#8221;{}&#8221;][et_pb_social_media_follow_network social_network=&#8221;facebook&#8221; url=&#8221;https:\/\/www.facebook.com\/profile.php?id=100088364432737&#8243; icon_color=&#8221;#FFFFFF&#8221; _builder_version=&#8221;4.19.4&#8243; _module_preset=&#8221;default&#8221; background_color=&#8221;#3B56B4&#8243; background_enable_color=&#8221;on&#8221; global_colors_info=&#8221;{}&#8221; follow_button=&#8221;off&#8221; url_new_window=&#8221;on&#8221;]facebook[\/et_pb_social_media_follow_network][et_pb_social_media_follow_network social_network=&#8221;instagram&#8221; url=&#8221;https:\/\/www.instagram.com\/accounts\/login\/?next=\/tworki.ceramika\/&#8221; icon_color=&#8221;#FFFFFF&#8221; _builder_version=&#8221;4.17.4&#8243; _module_preset=&#8221;default&#8221; background_color=&#8221;#3B56B4&#8243; background_enable_color=&#8221;on&#8221; global_colors_info=&#8221;{}&#8221; follow_button=&#8221;off&#8221; url_new_window=&#8221;on&#8221;]instagram[\/et_pb_social_media_follow_network][et_pb_social_media_follow_network social_network=&#8221;tiktok&#8221; url=&#8221;https:\/\/www.tiktok.com\/@tworkiceramika?_t=8YVdvKQGGl4&#038;_r=1&#8243; icon_color=&#8221;#FFFFFF&#8221; _builder_version=&#8221;4.19.4&#8243; _module_preset=&#8221;default&#8221; background_color=&#8221;#3B56B4&#8243; background_enable_color=&#8221;on&#8221; custom_button=&#8221;on&#8221; global_colors_info=&#8221;{}&#8221; follow_button=&#8221;off&#8221; url_new_window=&#8221;on&#8221;]tiktok[\/et_pb_social_media_follow_network][\/et_pb_social_media_follow][\/et_pb_column][\/et_pb_row][\/et_pb_section]<\/p>\n","protected":false},"excerpt":{"rendered":"<p>Poznaj nas !Robienie ceramiki to nasza pasja. Tworzymy naczynia r\u0119cznie, \u0142\u0105cz\u0105c codzienne obowi\u0105zki &#8211; opiek\u0119 nad dzie\u0107mi i prac\u0119 na etacie. Ka\u017cdy etap od formowania, przez malowanie, a\u017c po szkliwienie robimy osobi\u015bcie, co sprawia, \u017ce nasze wyroby s\u0105 wyj\u0105tkowe i niepowtarzalne.\u00a0 Zuzia i Tomek \ud83d\ude42 &nbsp;Ceramika Tworkitworkiceramika@gmail.comZwroty i reklamacjeRegulamin sklepuDostawy i wysy\u0142kaPolityka prywatno\u015bci<\/p>\n","protected":false},"author":1,"featured_media":0,"parent":0,"menu_order":0,"comment_status":"closed","ping_status":"closed","template":"","meta":{"_et_pb_use_builder":"on","_et_pb_old_content":"<!-- wp:paragraph -->\n<p>Ceci est une page d\u2019exemple. C\u2019est diff\u00e9rent d\u2019un article de blog parce qu\u2019elle restera au m\u00eame endroit et appara\u00eetra dans la navigation de votre site (dans la plupart des th\u00e8mes). La plupart des gens commencent par une page \u00ab&nbsp;\u00c0 propos&nbsp;\u00bb qui les pr\u00e9sente aux personnes visitant le site. Cela pourrait ressembler \u00e0 quelque chose comme cela&nbsp;:<\/p>\n<!-- \/wp:paragraph -->\n\n<!-- wp:quote -->\n<blockquote class=\"wp-block-quote\"><p>Bonjour&nbsp;! Je suis un m\u00e9canicien qui aspire \u00e0 devenir acteur, et voici mon site. J\u2019habite \u00e0 Bordeaux, j\u2019ai un super chien baptis\u00e9 Russell, et j\u2019aime la vodka (ainsi qu\u2019\u00eatre surpris par la pluie soudaine lors de longues balades sur la plage au coucher du soleil).<\/p><\/blockquote>\n<!-- \/wp:quote -->\n\n<!-- wp:paragraph -->\n<p>\u2026ou quelque chose comme cela&nbsp;:<\/p>\n<!-- \/wp:paragraph -->\n\n<!-- wp:quote -->\n<blockquote class=\"wp-block-quote\"><p>La soci\u00e9t\u00e9 123 Machin Truc a \u00e9t\u00e9 cr\u00e9\u00e9e en 1971, et n\u2019a cess\u00e9 de proposer au public des machins-trucs de qualit\u00e9 depuis lors. Situ\u00e9e \u00e0 Saint-Remy-en-Bouzemont-Saint-Genest-et-Isson, 123 Machin Truc emploie 2 000 personnes, et fabrique toutes sortes de bidules supers pour la communaut\u00e9 bouzemontoise.<\/p><\/blockquote>\n<!-- \/wp:quote -->\n\n<!-- wp:paragraph -->\n<p>En tant que nouvel utilisateur ou utilisatrice de WordPress, vous devriez vous rendre sur <a href=\"http:\/\/tworkiceramika.pl\/wp-admin\/\">votre tableau de bord<\/a> pour supprimer cette page et cr\u00e9er de nouvelles pages pour votre contenu. Amusez-vous bien&nbsp;!<\/p>\n<!-- \/wp:paragraph -->","_et_gb_content_width":"","om_disable_all_campaigns":false,"_monsterinsights_skip_tracking":false,"_monsterinsights_sitenote_active":false,"_monsterinsights_sitenote_note":"","_monsterinsights_sitenote_category":0,"footnotes":""},"class_list":["post-2","page","type-page","status-publish","hentry"],"aioseo_notices":[],"jetpack_sharing_enabled":true,"_links":{"self":[{"href":"https:\/\/tworkiceramika.pl\/index.php\/wp-json\/wp\/v2\/pages\/2","targetHints":{"allow":["GET"]}}],"collection":[{"href":"https:\/\/tworkiceramika.pl\/index.php\/wp-json\/wp\/v2\/pages"}],"about":[{"href":"https:\/\/tworkiceramika.pl\/index.php\/wp-json\/wp\/v2\/types\/page"}],"author":[{"embeddable":true,"href":"https:\/\/tworkiceramika.pl\/index.php\/wp-json\/wp\/v2\/users\/1"}],"replies":[{"embeddable":true,"href":"https:\/\/tworkiceramika.pl\/index.php\/wp-json\/wp\/v2\/comments?post=2"}],"version-history":[{"count":23,"href":"https:\/\/tworkiceramika.pl\/index.php\/wp-json\/wp\/v2\/pages\/2\/revisions"}],"predecessor-version":[{"id":2938,"href":"https:\/\/tworkiceramika.pl\/index.php\/wp-json\/wp\/v2\/pages\/2\/revisions\/2938"}],"wp:attachment":[{"href":"https:\/\/tworkiceramika.pl\/index.php\/wp-json\/wp\/v2\/media?parent=2"}],"curies":[{"name":"wp","href":"https:\/\/api.w.org\/{rel}","templated":true}]}}