{"id":1499,"date":"2025-02-03T12:00:33","date_gmt":"2025-02-03T11:00:33","guid":{"rendered":"https:\/\/tworkiceramika.pl\/?post_type=product&#038;p=1499"},"modified":"2025-12-17T22:03:51","modified_gmt":"2025-12-17T21:03:51","slug":"kubek-z-uchem-w-kolorowe-serduszka","status":"publish","type":"product","link":"https:\/\/tworkiceramika.pl\/index.php\/produkt\/kubek-z-uchem-w-kolorowe-serduszka\/","title":{"rendered":"Kubek z uchem w kolorowe serduszka 350 ml"},"content":{"rendered":"<p>[et_pb_section fb_built=&#8221;1&#8243; _builder_version=&#8221;4.16&#8243; custom_padding=&#8221;0px||||false|false&#8221; locked=&#8221;off&#8221; global_colors_info=&#8221;{}&#8221;][et_pb_row _builder_version=&#8221;4.16&#8243; background_size=&#8221;initial&#8221; background_position=&#8221;top_left&#8221; background_repeat=&#8221;repeat&#8221; width=&#8221;100%&#8221; min_height=&#8221;57px&#8221; custom_padding=&#8221;0px||0px||false|false&#8221; global_colors_info=&#8221;{}&#8221;][et_pb_column type=&#8221;4_4&#8243; _builder_version=&#8221;4.16&#8243; custom_padding=&#8221;|||&#8221; global_colors_info=&#8221;{}&#8221; custom_padding__hover=&#8221;|||&#8221;][et_pb_wc_cart_notice _builder_version=&#8221;4.16&#8243; min_height=&#8221;52px&#8221; global_colors_info=&#8221;{}&#8221;][\/et_pb_wc_cart_notice][\/et_pb_column][\/et_pb_row][et_pb_row column_structure=&#8221;1_2,1_2&#8243; _builder_version=&#8221;4.17.4&#8243; background_size=&#8221;initial&#8221; background_position=&#8221;top_left&#8221; background_repeat=&#8221;repeat&#8221; width=&#8221;100%&#8221; custom_padding=&#8221;0px||||false|false&#8221; global_colors_info=&#8221;{}&#8221;][et_pb_column type=&#8221;1_2&#8243; _builder_version=&#8221;4.16&#8243; custom_padding=&#8221;|||&#8221; global_colors_info=&#8221;{}&#8221; custom_padding__hover=&#8221;|||&#8221;][et_pb_wc_images _builder_version=&#8221;4.17.4&#8243; border_color_all=&#8221;#FFFFFF&#8221; border_width_all_tablet=&#8221;20px&#8221; border_width_all_phone=&#8221;20px&#8221; border_width_all_last_edited=&#8221;on|phone&#8221; border_color_all_image=&#8221;#FFFFFF&#8221; border_width_all_image_phone=&#8221;7px&#8221; border_width_all_image_last_edited=&#8221;off|phone&#8221; global_colors_info=&#8221;{}&#8221;][\/et_pb_wc_images][\/et_pb_column][et_pb_column type=&#8221;1_2&#8243; _builder_version=&#8221;4.16&#8243; custom_padding=&#8221;|||&#8221; global_colors_info=&#8221;{}&#8221; custom_padding__hover=&#8221;|||&#8221;][et_pb_wc_title _builder_version=&#8221;4.17.4&#8243; header_text_color=&#8221;#3B56B4&#8243; header_font_size=&#8221;27px&#8221; transform_scale_last_edited=&#8221;off|phone&#8221; transform_translate_last_edited=&#8221;off|phone&#8221; transform_translate_linked_phone=&#8221;off&#8221; transform_rotate_last_edited=&#8221;off|phone&#8221; transform_skew_last_edited=&#8221;off|phone&#8221; transform_origin_last_edited=&#8221;off|phone&#8221; transform_styles_last_edited=&#8221;off|phone&#8221; max_width_tablet=&#8221;&#8221; max_width_phone=&#8221;100%&#8221; max_width_last_edited=&#8221;on|phone&#8221; header_text_align_tablet=&#8221;center&#8221; header_text_align_phone=&#8221;center&#8221; header_text_align_last_edited=&#8221;on|phone&#8221; module_alignment_tablet=&#8221;center&#8221; module_alignment_phone=&#8221;&#8221; module_alignment_last_edited=&#8221;on|phone&#8221; global_colors_info=&#8221;{}&#8221;][\/et_pb_wc_title][et_pb_wc_price _builder_version=&#8221;4.17.4&#8243; transform_scale_last_edited=&#8221;off|phone&#8221; transform_scale_linked_phone=&#8221;off&#8221; transform_translate_last_edited=&#8221;off|phone&#8221; transform_translate_linked_phone=&#8221;off&#8221; transform_rotate_last_edited=&#8221;off|phone&#8221; transform_skew_last_edited=&#8221;off|phone&#8221; transform_origin_last_edited=&#8221;off|phone&#8221; transform_styles_last_edited=&#8221;off|phone&#8221; text_orientation_tablet=&#8221;center&#8221; text_orientation_phone=&#8221;center&#8221; text_orientation_last_edited=&#8221;on|phone&#8221; module_alignment_tablet=&#8221;&#8221; module_alignment_phone=&#8221;center&#8221; module_alignment_last_edited=&#8221;on|phone&#8221; global_colors_info=&#8221;{}&#8221;][\/et_pb_wc_price][et_pb_wc_description _builder_version=&#8221;4.16&#8243; global_colors_info=&#8221;{}&#8221;][\/et_pb_wc_description][et_pb_wc_add_to_cart _builder_version=&#8221;4.17.4&#8243; transform_scale_last_edited=&#8221;off|phone&#8221; transform_translate_phone=&#8221;57px|0px&#8221; transform_translate_last_edited=&#8221;off|phone&#8221; transform_translate_linked_phone=&#8221;off&#8221; transform_rotate_last_edited=&#8221;off|phone&#8221; transform_skew_last_edited=&#8221;off|phone&#8221; transform_origin_last_edited=&#8221;off|phone&#8221; transform_styles_last_edited=&#8221;off|phone&#8221; fields_text_align_tablet=&#8221;&#8221; fields_text_align_phone=&#8221;center&#8221; fields_text_align_last_edited=&#8221;on|phone&#8221; text_orientation_tablet=&#8221;center&#8221; text_orientation_phone=&#8221;center&#8221; text_orientation_last_edited=&#8221;on|phone&#8221; module_alignment_tablet=&#8221;&#8221; module_alignment_phone=&#8221;center&#8221; module_alignment_last_edited=&#8221;on|phone&#8221; global_colors_info=&#8221;{}&#8221;][\/et_pb_wc_add_to_cart][et_pb_text _builder_version=&#8221;4.17.4&#8243; _module_preset=&#8221;default&#8221; text_text_color=&#8221;#3B56B4&#8243; max_width=&#8221;90%&#8221; module_alignment=&#8221;left&#8221; global_colors_info=&#8221;{}&#8221;]<\/p>\n<p>R\u0119cznie robiony i malowany przez nas kubek o uniwersalnym zastosowaniu, idealny jako naczynie do kawy lub herbaty. Wszystkie produkty w naszej ceramice s\u0105 stworzone od podstaw &#8211; zaczynaj\u0105c od zrobienia formy gipsowej a\u017c po ostateczny wypa\u0142, st\u0105d naczynia nie s\u0105 takie same. R\u00f3\u017cnice te tworz\u0105 je wyj\u0105tkowymi.<\/p>\n<p>Pojemno\u015b\u0107: 350 ml<br \/>Wysoko\u015b\u0107: oko\u0142o 7 cm<br \/>\u015arednica: oko\u0142o 9,5 cm<\/p>\n<p>[\/et_pb_text][\/et_pb_column][\/et_pb_row][et_pb_row _builder_version=&#8221;4.16&#8243; background_size=&#8221;initial&#8221; background_position=&#8221;top_left&#8221; background_repeat=&#8221;repeat&#8221; width=&#8221;100%&#8221; global_colors_info=&#8221;{}&#8221;][et_pb_column type=&#8221;4_4&#8243; _builder_version=&#8221;4.16&#8243; custom_padding=&#8221;|||&#8221; global_colors_info=&#8221;{}&#8221; custom_padding__hover=&#8221;|||&#8221;][et_pb_wc_upsells _builder_version=&#8221;4.16&#8243; global_colors_info=&#8221;{}&#8221;][\/et_pb_wc_upsells][et_pb_wc_related_products _builder_version=&#8221;4.17.4&#8243; title_text_color=&#8221;#3B56B4&#8243; product_title_text_color=&#8221;#3B56B4&#8243; product_title_font_size=&#8221;18px&#8221; price_text_color=&#8221;#3B56B4&#8243; text_orientation=&#8221;center&#8221; max_width=&#8221;90%&#8221; text_orientation_tablet=&#8221;center&#8221; text_orientation_phone=&#8221;center&#8221; text_orientation_last_edited=&#8221;on|phone&#8221; module_alignment_tablet=&#8221;center&#8221; module_alignment_phone=&#8221;center&#8221; module_alignment_last_edited=&#8221;on|phone&#8221; border_color_all_image=&#8221;#FFFFFF&#8221; border_width_all_image_tablet=&#8221;&#8221; border_width_all_image_phone=&#8221;0px&#8221; border_width_all_image_last_edited=&#8221;on|phone&#8221; global_colors_info=&#8221;{}&#8221;][\/et_pb_wc_related_products][\/et_pb_column][\/et_pb_row][\/et_pb_section][et_pb_section fb_built=&#8221;1&#8243; _builder_version=&#8221;4.17.4&#8243; _module_preset=&#8221;default&#8221; background_color=&#8221;#fdeae8&#8243; width=&#8221;100%&#8221; min_height=&#8221;345.7px&#8221; custom_margin=&#8221;-15px|||||&#8221; custom_padding=&#8221;26px||0px|||&#8221; global_module=&#8221;361&#8243; saved_tabs=&#8221;all&#8221; locked=&#8221;off&#8221; global_colors_info=&#8221;{}&#8221;][et_pb_row _builder_version=&#8221;4.17.4&#8243; _module_preset=&#8221;default&#8221; global_colors_info=&#8221;{}&#8221;][et_pb_column type=&#8221;4_4&#8243; _builder_version=&#8221;4.17.4&#8243; _module_preset=&#8221;default&#8221; global_colors_info=&#8221;{}&#8221;][et_pb_image src=&#8221;https:\/\/tworkiceramika.pl\/wp-content\/uploads\/2022\/06\/tworkilogstopka-scaled.jpg&#8221; title_text=&#8221;tworkilogstopka&#8221; align=&#8221;center&#8221; _builder_version=&#8221;4.17.4&#8243; _module_preset=&#8221;default&#8221; width=&#8221;100%&#8221; max_width=&#8221;8%&#8221; max_width_tablet=&#8221;8%&#8221; max_width_phone=&#8221;15%&#8221; max_width_last_edited=&#8221;on|desktop&#8221; module_alignment=&#8221;center&#8221; global_colors_info=&#8221;{}&#8221;][\/et_pb_image][\/et_pb_column][\/et_pb_row][et_pb_row disabled_on=&#8221;off|off|off&#8221; _builder_version=&#8221;4.17.4&#8243; _module_preset=&#8221;default&#8221; min_height=&#8221;162px&#8221; overflow-x=&#8221;hidden&#8221; custom_margin=&#8221;3px||||false|false&#8221; global_colors_info=&#8221;{}&#8221;][et_pb_column type=&#8221;4_4&#8243; _builder_version=&#8221;4.17.4&#8243; _module_preset=&#8221;default&#8221; global_colors_info=&#8221;{}&#8221;][et_pb_text admin_label=&#8221;Tekst&#8221; _builder_version=&#8221;4.17.4&#8243; _module_preset=&#8221;default&#8221; text_font=&#8221;|600|||||||&#8221; text_text_color=&#8221;#3b56b4&#8243; header_text_color=&#8221;#3b56b4&#8243; custom_margin=&#8221;||-3px|||&#8221; custom_padding=&#8221;||4px|||&#8221; global_colors_info=&#8221;{}&#8221;]Ceramika Tworki[\/et_pb_text][et_pb_text admin_label=&#8221;Tekst&#8221; _builder_version=&#8221;4.17.4&#8243; _module_preset=&#8221;default&#8221; text_text_color=&#8221;#3B56B4&#8243; global_colors_info=&#8221;{}&#8221;]tworkiceramika@gmail.com[\/et_pb_text][et_pb_text admin_label=&#8221;Tekst&#8221; _builder_version=&#8221;4.17.5&#8243; _module_preset=&#8221;default&#8221; text_text_color=&#8221;#3B56B4&#8243; link_font=&#8221;||||||||&#8221; transform_scale_linked=&#8221;off&#8221; transform_translate=&#8221;0px|-25px&#8221; transform_translate_linked=&#8221;off&#8221; link_option_url=&#8221;https:\/\/tworkiceramika.pl\/index.php\/zwroty-i-reklamacje\/&#8221; global_colors_info=&#8221;{}&#8221;]<\/p>\n<p>Zwroty i reklamacje<\/p>\n<p>[\/et_pb_text][et_pb_text _builder_version=&#8221;4.18.0&#8243; _module_preset=&#8221;default&#8221; text_text_color=&#8221;#3B56B4&#8243; transform_translate=&#8221;0px|-50px&#8221; transform_translate_linked=&#8221;off&#8221; link_option_url=&#8221;https:\/\/tworkiceramika.pl\/index.php\/regulamin-sklepu\/&#8221; global_colors_info=&#8221;{}&#8221;]<\/p>\n<p>Regulamin sklepu<\/p>\n<p>[\/et_pb_text][et_pb_text _builder_version=&#8221;4.17.5&#8243; _module_preset=&#8221;default&#8221; text_text_color=&#8221;#3B56B4&#8243; transform_translate=&#8221;0px|-75px&#8221; transform_translate_linked=&#8221;off&#8221; link_option_url=&#8221;https:\/\/tworkiceramika.pl\/?page_id=870&#8243; global_colors_info=&#8221;{}&#8221;]<\/p>\n<p>Dostawy i wysy\u0142ka<\/p>\n<p>[\/et_pb_text][et_pb_text _builder_version=&#8221;4.17.4&#8243; _module_preset=&#8221;default&#8221; text_text_color=&#8221;#3b56b4&#8243; transform_translate=&#8221;0px|-98px&#8221; transform_translate_linked=&#8221;off&#8221; link_option_url=&#8221;https:\/\/tworkiceramika.pl\/index.php\/polityka-prywatnosci\/&#8221; global_colors_info=&#8221;{}&#8221;]<\/p>\n<p>Polityka prywatno\u015bci<\/p>\n<p>[\/et_pb_text][\/et_pb_column][\/et_pb_row][et_pb_row _builder_version=&#8221;4.17.4&#8243; _module_preset=&#8221;default&#8221; global_colors_info=&#8221;{}&#8221;][et_pb_column type=&#8221;4_4&#8243; _builder_version=&#8221;4.17.4&#8243; _module_preset=&#8221;default&#8221; global_colors_info=&#8221;{}&#8221;][et_pb_social_media_follow icon_color=&#8221;#3B56B4&#8243; admin_label=&#8221;Przyciski spo\u0142eczno\u015bciowe&#8221; _builder_version=&#8221;4.19.4&#8243; _module_preset=&#8221;default&#8221; transform_translate=&#8221;0px|-39px&#8221; transform_translate_linked=&#8221;off&#8221; text_orientation=&#8221;center&#8221; global_colors_info=&#8221;{}&#8221;][et_pb_social_media_follow_network social_network=&#8221;facebook&#8221; url=&#8221;https:\/\/www.facebook.com\/profile.php?id=100088364432737&#8243; icon_color=&#8221;#FFFFFF&#8221; _builder_version=&#8221;4.19.4&#8243; _module_preset=&#8221;default&#8221; background_color=&#8221;#3B56B4&#8243; background_enable_color=&#8221;on&#8221; global_colors_info=&#8221;{}&#8221; follow_button=&#8221;off&#8221; url_new_window=&#8221;on&#8221;]facebook[\/et_pb_social_media_follow_network][et_pb_social_media_follow_network social_network=&#8221;instagram&#8221; url=&#8221;https:\/\/www.instagram.com\/accounts\/login\/?next=\/tworki.ceramika\/&#8221; icon_color=&#8221;#FFFFFF&#8221; _builder_version=&#8221;4.17.4&#8243; _module_preset=&#8221;default&#8221; background_color=&#8221;#3B56B4&#8243; background_enable_color=&#8221;on&#8221; global_colors_info=&#8221;{}&#8221; follow_button=&#8221;off&#8221; url_new_window=&#8221;on&#8221;]instagram[\/et_pb_social_media_follow_network][et_pb_social_media_follow_network social_network=&#8221;tiktok&#8221; url=&#8221;https:\/\/www.tiktok.com\/@tworkiceramika?_t=8YVdvKQGGl4&amp;_r=1&#8243; icon_color=&#8221;#FFFFFF&#8221; _builder_version=&#8221;4.19.4&#8243; _module_preset=&#8221;default&#8221; background_color=&#8221;#3B56B4&#8243; background_enable_color=&#8221;on&#8221; custom_button=&#8221;on&#8221; global_colors_info=&#8221;{}&#8221; follow_button=&#8221;off&#8221; url_new_window=&#8221;on&#8221;]tiktok[\/et_pb_social_media_follow_network][\/et_pb_social_media_follow][\/et_pb_column][\/et_pb_row][\/et_pb_section]<\/p>\n","protected":false},"excerpt":{"rendered":"<p>R\u0119cznie robiony i malowany przez nas kubek o uniwersalnym zastosowaniu, idealny jako naczynie do kawy lub herbaty. Wszystkie produkty w naszej ceramice s\u0105 stworzone od podstaw &#8211; zaczynaj\u0105c od zrobienia formy gipsowej a\u017c po ostateczny wypa\u0142, st\u0105d naczynia nie s\u0105 takie same. R\u00f3\u017cnice te tworz\u0105 je wyj\u0105tkowymi. Pojemno\u015b\u0107: 350 mlWysoko\u015b\u0107: oko\u0142o 7 cm\u015arednica: oko\u0142o 9,5 [&hellip;]<\/p>\n","protected":false},"featured_media":2866,"template":"","meta":{"_et_pb_use_builder":"on","_et_pb_old_content":"","_et_gb_content_width":"","om_disable_all_campaigns":false,"_monsterinsights_skip_tracking":false,"_monsterinsights_sitenote_active":false,"_monsterinsights_sitenote_note":"","_monsterinsights_sitenote_category":0},"product_brand":[],"product_cat":[20],"product_tag":[],"class_list":{"0":"post-1499","1":"product","2":"type-product","3":"status-publish","4":"has-post-thumbnail","6":"product_cat-kubki","8":"first","9":"instock","10":"shipping-taxable","11":"purchasable","12":"product-type-simple"},"aioseo_notices":[],"jetpack_sharing_enabled":true,"_links":{"self":[{"href":"https:\/\/tworkiceramika.pl\/index.php\/wp-json\/wp\/v2\/product\/1499","targetHints":{"allow":["GET"]}}],"collection":[{"href":"https:\/\/tworkiceramika.pl\/index.php\/wp-json\/wp\/v2\/product"}],"about":[{"href":"https:\/\/tworkiceramika.pl\/index.php\/wp-json\/wp\/v2\/types\/product"}],"wp:featuredmedia":[{"embeddable":true,"href":"https:\/\/tworkiceramika.pl\/index.php\/wp-json\/wp\/v2\/media\/2866"}],"wp:attachment":[{"href":"https:\/\/tworkiceramika.pl\/index.php\/wp-json\/wp\/v2\/media?parent=1499"}],"wp:term":[{"taxonomy":"product_brand","embeddable":true,"href":"https:\/\/tworkiceramika.pl\/index.php\/wp-json\/wp\/v2\/product_brand?post=1499"},{"taxonomy":"product_cat","embeddable":true,"href":"https:\/\/tworkiceramika.pl\/index.php\/wp-json\/wp\/v2\/product_cat?post=1499"},{"taxonomy":"product_tag","embeddable":true,"href":"https:\/\/tworkiceramika.pl\/index.php\/wp-json\/wp\/v2\/product_tag?post=1499"}],"curies":[{"name":"wp","href":"https:\/\/api.w.org\/{rel}","templated":true}]}}